{"id":4052,"date":"2017-02-09T15:13:55","date_gmt":"2017-02-09T15:13:55","guid":{"rendered":"https:\/\/koto.qodeinteractive.com\/?page_id=4052"},"modified":"2026-02-28T14:26:17","modified_gmt":"2026-02-28T13:26:17","slug":"moi","status":"publish","type":"page","link":"https:\/\/ru-ben.art\/?page_id=4052","title":{"rendered":"Moi"},"content":{"rendered":"<p>[vc_row disable_background_image=\u00a0\u00bb\u00a0\u00bb css=\u00a0\u00bb.vc_custom_1770560107138{padding-top: 10.4% !important;padding-right: 10% !important;padding-bottom: 15% !important;padding-left: 10% !important;background-image: url(http:\/\/ru-ben.art\/wp-content\/uploads\/2026\/01\/Texturelabs_Paper_241XL-1-1-scaled.jpg?id=7156) !important;background-position: center !important;background-repeat: no-repeat !important;background-size: cover !important;}\u00a0\u00bb][vc_column width=\u00a0\u00bb1\/2&Prime; offset=\u00a0\u00bbvc_col-lg-offset-0 vc_col-lg-5 vc_col-md-offset-0 vc_col-md-12 vc_col-sm-offset-0&Prime; css=\u00a0\u00bb.vc_custom_1770560192394{padding-right: 10% !important;padding-left: 10% !important;}\u00a0\u00bb]<div class=\"eltdf-elements-holder eltdf-one-column eltdf-responsive-mode-768\" ><div class=\"eltdf-eh-item \"  data-item-class=\"eltdf-eh-custom-101795\" data-1024-1280=\"0%\" data-768-1024=\"0%\" data-600-768=\"0%\" data-480-600=\"0%\" data-480=\"0%\">\n\t<div class=\"eltdf-eh-item-inner\">\n\t\t<div class=\"eltdf-eh-item-content eltdf-eh-custom-101795\" style=\"padding: 0 3% 0 3%\">\n\t\t\t[vc_single_image image=\u00a0\u00bb6987&Prime; img_size=\u00a0\u00bblarge\u00a0\u00bb css_animation=\u00a0\u00bbfadeIn\u00a0\u00bb][vc_empty_space height=\u00a0\u00bb50px\u00a0\u00bb]\t\t<\/div>\n\t<\/div>\n<\/div><\/div>[\/vc_column][vc_column width=\u00a0\u00bb1\/2&Prime; offset=\u00a0\u00bbvc_col-lg-offset-0 vc_col-lg-7 vc_col-md-offset-0 vc_col-md-12 vc_col-sm-offset-0&Prime;][vc_empty_space height=\u00a0\u00bb16px\u00a0\u00bb]<div class=\"eltdf-iwt clearfix eltdf-iwt-icon-left eltdf-iwt-icon-medium\">\n\t<div class=\"eltdf-iwt-icon\">\n\t\t\t\t\t\t\t\t\t    <span class=\"eltdf-icon-shortcode eltdf-normal eltdf-icon-medium\"  >\n                    <i class=\"eltdf-icon-font-awesome fa fa-quote-left eltdf-icon-element\" style=\"\" ><\/i>            <\/span>\n\t\t\t\t\t\t<\/div>\n\t<div class=\"eltdf-iwt-content\" >\n\t\t\t\t\t<h3 class=\"eltdf-iwt-title\" >\n\t\t\t\t\t\t\t\t<span class=\"eltdf-iwt-title-text\">Le ciel est vert et la neige est bleue.<\/span>\n\t\t\t\t\t\t\t<\/h3>\n\t\t\t\t\t<\/div>\n<\/div>[vc_empty_space height=\u00a0\u00bb45px\u00a0\u00bb][vc_column_text]Je n&rsquo;ai aucune id\u00e9e de ce qui m&rsquo;a fait entrer dans ce petit magasin d&rsquo;art en plein hiver 2012. Pas la moindre explication de ce qui m&rsquo;en a fait sortir avec une palette d&rsquo;aquarelle P\u00e9b\u00e9o et un pinceau \u00e0 lavis dans les poches. Je ne me souviens pas pourquoi le <em>paysage <\/em>a toujours \u00e9t\u00e9 mon horizon.<\/p>\n<p>Je ne sais pas pourquoi, mais je sais comment&#8230;<\/p>\n<p>Comment le voyage des pigments change ma perception de notre environnement. De quelle fa\u00e7on mon regard s&rsquo;aff\u00fbte face aux formes et aux couleurs qui nous entourent. Apprendre \u00e0 accepter les nuances vertes des couchers de soleil, le noir profond des sapins et le bleu de la neige. Trouver la lumi\u00e8re dans l&rsquo;ombre d&rsquo;un arbre et la pr\u00e9server sur le blanc du papier.<\/p>\n<p>Mais aussi comment se rater, d\u00e9naturer le vivant avec des pinceaux synth\u00e9tiques, recycler ses ambitions en marque-pages et se consoler dans la beaut\u00e9 d&rsquo;une nature qui ne se laisse pas capturer.<\/p>\n<p>&nbsp;<\/p>\n<p style=\"text-align: right;\">ru-ben<\/p>\n<p>[\/vc_column_text][\/vc_column][\/vc_row]<\/p>\n","protected":false},"excerpt":{"rendered":"<p>[vc_row disable_background_image=\u00a0\u00bb\u00a0\u00bb css=\u00a0\u00bb.vc_custom_1770560107138{padding-top: 10.4% !important;padding-right: 10% !important;padding-bottom: 15% !important;padding-left: 10% !important;background-image: url(http:\/\/ru-ben.art\/wp-content\/uploads\/2026\/01\/Texturelabs_Paper_241XL-1-1-scaled.jpg?id=7156) !important;background-position: center !important;background-repeat: no-repeat !important;background-size: cover !important;}\u00a0\u00bb][vc_column width=\u00a0\u00bb1\/2&Prime; offset=\u00a0\u00bbvc_col-lg-offset-0 vc_col-lg-5 vc_col-md-offset-0 vc_col-md-12 vc_col-sm-offset-0&Prime; css=\u00a0\u00bb.vc_custom_1770560192394{padding-right: 10% !important;padding-left: 10% !important;}\u00a0\u00bb][\/vc_column][vc_column width=\u00a0\u00bb1\/2&Prime; offset=\u00a0\u00bbvc_col-lg-offset-0 vc_col-lg-7 vc_col-md-offset-0 vc_col-md-12 vc_col-sm-offset-0&Prime;][vc_empty_space height=\u00a0\u00bb16px\u00a0\u00bb][vc_empty_space height=\u00a0\u00bb45px\u00a0\u00bb][vc_column_text]Je n&rsquo;ai aucune [&hellip;]<\/p>\n","protected":false},"author":1,"featured_media":0,"parent":0,"menu_order":0,"comment_status":"closed","ping_status":"closed","template":"full-width.php","meta":{"footnotes":""},"class_list":["post-4052","page","type-page","status-publish","hentry"],"_links":{"self":[{"href":"https:\/\/ru-ben.art\/index.php?rest_route=\/wp\/v2\/pages\/4052","targetHints":{"allow":["GET"]}}],"collection":[{"href":"https:\/\/ru-ben.art\/index.php?rest_route=\/wp\/v2\/pages"}],"about":[{"href":"https:\/\/ru-ben.art\/index.php?rest_route=\/wp\/v2\/types\/page"}],"author":[{"embeddable":true,"href":"https:\/\/ru-ben.art\/index.php?rest_route=\/wp\/v2\/users\/1"}],"replies":[{"embeddable":true,"href":"https:\/\/ru-ben.art\/index.php?rest_route=%2Fwp%2Fv2%2Fcomments&post=4052"}],"version-history":[{"count":34,"href":"https:\/\/ru-ben.art\/index.php?rest_route=\/wp\/v2\/pages\/4052\/revisions"}],"predecessor-version":[{"id":7279,"href":"https:\/\/ru-ben.art\/index.php?rest_route=\/wp\/v2\/pages\/4052\/revisions\/7279"}],"wp:attachment":[{"href":"https:\/\/ru-ben.art\/index.php?rest_route=%2Fwp%2Fv2%2Fmedia&parent=4052"}],"curies":[{"name":"wp","href":"https:\/\/api.w.org\/{rel}","templated":true}]}}